{"id":16440,"date":"2025-02-05T12:05:07","date_gmt":"2025-02-05T05:05:07","guid":{"rendered":"https:\/\/careerfair.asia\/vietnam\/?page_id=16440"},"modified":"2025-02-25T15:17:24","modified_gmt":"2025-02-25T08:17:24","slug":"contact-vn","status":"publish","type":"page","link":"https:\/\/careerfair.asia\/vietnam\/contact-vn\/","title":{"rendered":"Contact vn"},"content":{"rendered":"\t\t<div data-elementor-type=\"wp-page\" data-elementor-id=\"16440\" class=\"elementor elementor-16440\">\n\t\t\t\t\t\t<section data-exad-particle-enable=\"false\" class=\"elementor-section elementor-top-section elementor-element elementor-element-be5554d elementor-section-full_width elementor-section-height-default elementor-section-height-default exad-parallax-effect-no exad-background-color-change-no exad-glass-effect-no exad-sticky-section-no\" data-id=\"be5554d\" data-element_type=\"section\">\n\t\t\t\t\t\t<div class=\"elementor-container elementor-column-gap-default\">\n\t\t\t\t\t<div class=\"elementor-column elementor-col-100 elementor-top-column elementor-element elementor-element-6060494 exad-glass-effect-no exad-sticky-section-no\" data-id=\"6060494\" data-element_type=\"column\">\n\t\t\t<div class=\"elementor-widget-wrap elementor-element-populated\">\n\t\t\t\t\t\t<div class=\"elementor-element elementor-element-4235eab exad-sticky-section-no exad-glass-effect-no elementor-widget elementor-widget-image\" data-id=\"4235eab\" data-element_type=\"widget\" data-widget_type=\"image.default\">\n\t\t\t\t<div class=\"elementor-widget-container\">\n\t\t\t\t\t\t\t\t\t\t\t\t\t\t\t<img fetchpriority=\"high\" decoding=\"async\" width=\"2000\" height=\"660\" src=\"https:\/\/careerfair.asia\/vietnam\/wp-content\/uploads\/2025\/02\/banner-contact.jpg\" class=\"attachment-full size-full wp-image-16351\" alt=\"\" srcset=\"https:\/\/careerfair.asia\/vietnam\/wp-content\/uploads\/2025\/02\/banner-contact.jpg 2000w, https:\/\/careerfair.asia\/vietnam\/wp-content\/uploads\/2025\/02\/banner-contact-300x99.jpg 300w, https:\/\/careerfair.asia\/vietnam\/wp-content\/uploads\/2025\/02\/banner-contact-1024x338.jpg 1024w, https:\/\/careerfair.asia\/vietnam\/wp-content\/uploads\/2025\/02\/banner-contact-768x253.jpg 768w, https:\/\/careerfair.asia\/vietnam\/wp-content\/uploads\/2025\/02\/banner-contact-1536x507.jpg 1536w\" sizes=\"(max-width: 2000px) 100vw, 2000px\" \/>\t\t\t\t\t\t\t\t\t\t\t\t\t\t\t<\/div>\n\t\t\t\t<\/div>\n\t\t\t\t\t<\/div>\n\t\t<\/div>\n\t\t\t\t\t<\/div>\n\t\t<\/section>\n\t\t\t\t<section data-exad-particle-enable=\"false\" class=\"elementor-section elementor-top-section elementor-element elementor-element-9810b88 elementor-section-boxed elementor-section-height-default elementor-section-height-default exad-parallax-effect-no exad-background-color-change-no exad-glass-effect-no exad-sticky-section-no\" data-id=\"9810b88\" data-element_type=\"section\" data-settings=\"{&quot;background_background&quot;:&quot;classic&quot;}\">\n\t\t\t\t\t\t<div class=\"elementor-container elementor-column-gap-default\">\n\t\t\t\t\t<div class=\"elementor-column elementor-col-100 elementor-top-column elementor-element elementor-element-3f1836c exad-glass-effect-no exad-sticky-section-no\" data-id=\"3f1836c\" data-element_type=\"column\">\n\t\t\t<div class=\"elementor-widget-wrap elementor-element-populated\">\n\t\t\t\t\t\t<section data-exad-particle-enable=\"false\" class=\"elementor-section elementor-inner-section elementor-element elementor-element-a0582ea elementor-section-boxed elementor-section-height-default elementor-section-height-default exad-parallax-effect-no exad-background-color-change-no exad-glass-effect-no exad-sticky-section-no\" data-id=\"a0582ea\" data-element_type=\"section\" data-settings=\"{&quot;background_background&quot;:&quot;classic&quot;}\">\n\t\t\t\t\t\t<div class=\"elementor-container elementor-column-gap-default\">\n\t\t\t\t\t<div class=\"elementor-column elementor-col-16 elementor-inner-column elementor-element elementor-element-12b55e9 exad-glass-effect-no exad-sticky-section-no\" data-id=\"12b55e9\" data-element_type=\"column\">\n\t\t\t<div class=\"elementor-widget-wrap\">\n\t\t\t\t\t\t\t<\/div>\n\t\t<\/div>\n\t\t\t\t<div class=\"elementor-column elementor-col-66 elementor-inner-column elementor-element elementor-element-efe9f43 exad-glass-effect-no exad-sticky-section-no\" data-id=\"efe9f43\" data-element_type=\"column\">\n\t\t\t<div class=\"elementor-widget-wrap elementor-element-populated\">\n\t\t\t\t\t\t<div class=\"elementor-element elementor-element-0628d78 exad-sticky-section-no exad-glass-effect-no elementor-widget elementor-widget-text-editor\" data-id=\"0628d78\" data-element_type=\"widget\" data-widget_type=\"text-editor.default\">\n\t\t\t\t<div class=\"elementor-widget-container\">\n\t\t\t\t\t\t\t\t\t<h4 style=\"color: #194784;\">Th\u00f4ng tin li\u00ean h\u1ec7<\/h4>\nC\u1ea3m \u01a1n b\u1ea1n \u0111\u00e3 quan t\u00e2m \u0111\u1ebfn VCTF! N\u1ebfu b\u1ea1n c\u00f3 b\u1ea5t k\u1ef3 c\u00e2u h\u1ecfi n\u00e0o ho\u1eb7c c\u1ea7n h\u1ed7 tr\u1ee3, vui l\u00f2ng li\u00ean\nh\u1ec7 v\u1edbi ch\u00fang t\u00f4i qua c\u00e1c ph\u01b0\u01a1ng th\u1ee9c d\u01b0\u1edbi \u0111\u00e2y:\t\t\t\t\t\t\t\t<\/div>\n\t\t\t\t<\/div>\n\t\t\t\t<div class=\"elementor-element elementor-element-4f61979 exad-sticky-section-no exad-glass-effect-no elementor-widget elementor-widget-text-editor\" data-id=\"4f61979\" data-element_type=\"widget\" data-widget_type=\"text-editor.default\">\n\t\t\t\t<div class=\"elementor-widget-container\">\n\t\t\t\t\t\t\t\t\t<h4 style=\"color: #194784;\">D\u00e0nh cho Doanh nghi\u1ec7p, \u0110\u1ed1i t\u00e1c, Nh\u00e0 t\u00e0i tr\u1ee3<\/h4>\n\u0110\u0103ng k\u00fd tham gia ch\u01b0\u01a1ng tr\u00ecnh t\u1ea1i \u0111\u00e2y: <a href=\"https:\/\/careerfair.asia\/vietnam\/exhibitors\/\">https:\/\/careerfair.asia\/vietnam\/exhibitors\/<\/a>\t\t\t\t\t\t\t\t<\/div>\n\t\t\t\t<\/div>\n\t\t\t\t<div class=\"elementor-element elementor-element-a36eddb exad-sticky-section-no exad-glass-effect-no elementor-widget elementor-widget-text-editor\" data-id=\"a36eddb\" data-element_type=\"widget\" data-widget_type=\"text-editor.default\">\n\t\t\t\t<div class=\"elementor-widget-container\">\n\t\t\t\t\t\t\t\t\t<h4 style=\"color: #194784;\">D\u00e0nh cho \u1ee8ng vi\u00ean<\/h4>\n\u0110\u0103ng k\u00fd tham gia ch\u01b0\u01a1ng tr\u00ecnh t\u1ea1i \u0111\u00e2y: <a href=\"https:\/\/careerfair.asia\/vietnam\/exhibitors\/\">https:\/\/careerfair.asia\/vietnam\/jobseekers\/<\/a><br \/>\n<i>Ch\u01b0\u01a1ng tr\u00ecnh ho\u00e0n to\u00e0n mi\u1ec5n ph\u00ed cho \u1ee9ng vi\u00ean tham gia.\n<\/i>\n<br \/><br \/>\nHo\u1eb7c qu\u00fd doanh nghi\u1ec7p\/\u1ee9ng vi\u00ean c\u00f3 th\u1ec3 li\u00ean h\u1ec7 v\u1edbi Ban T\u1ed5 Ch\u1ee9c VCTF qua th\u00f4ng tin d\u01b0\u1edbi \u0111\u00e2y:\n<br \/>\nEmail: Contact@vctf.asia\n<br \/>\nS\u1ed1 \u0111i\u1ec7n tho\u1ea1i: (+84) 868 586 123\t\t\t\t\t\t\t\t<\/div>\n\t\t\t\t<\/div>\n\t\t\t\t\t<\/div>\n\t\t<\/div>\n\t\t\t\t<div class=\"elementor-column elementor-col-16 elementor-inner-column elementor-element elementor-element-ca0bdf4 exad-glass-effect-no exad-sticky-section-no\" data-id=\"ca0bdf4\" data-element_type=\"column\">\n\t\t\t<div class=\"elementor-widget-wrap\">\n\t\t\t\t\t\t\t<\/div>\n\t\t<\/div>\n\t\t\t\t\t<\/div>\n\t\t<\/section>\n\t\t\t\t\t<\/div>\n\t\t<\/div>\n\t\t\t\t\t<\/div>\n\t\t<\/section>\n\t\t\t\t<\/div>\n\t\t","protected":false},"excerpt":{"rendered":"<p>Th\u00f4ng tin li\u00ean h\u1ec7 C\u1ea3m \u01a1n b\u1ea1n \u0111\u00e3 quan t\u00e2m \u0111\u1ebfn VCTF! N\u1ebfu b\u1ea1n c\u00f3 b\u1ea5t k\u1ef3 c\u00e2u h\u1ecfi n\u00e0o ho\u1eb7c c\u1ea7n h\u1ed7 tr\u1ee3, vui l\u00f2ng li\u00ean h\u1ec7 v\u1edbi ch\u00fang t\u00f4i qua c\u00e1c ph\u01b0\u01a1ng th\u1ee9c d\u01b0\u1edbi \u0111\u00e2y: D\u00e0nh cho Doanh nghi\u1ec7p, \u0110\u1ed1i t\u00e1c, Nh\u00e0 t\u00e0i tr\u1ee3 \u0110\u0103ng k\u00fd tham gia ch\u01b0\u01a1ng tr\u00ecnh t\u1ea1i \u0111\u00e2y: https:\/\/careerfair.asia\/vietnam\/exhibitors\/ [&hellip;]<\/p>\n","protected":false},"author":1,"featured_media":0,"parent":0,"menu_order":4,"comment_status":"closed","ping_status":"closed","template":"elementor_header_footer","meta":{"inline_featured_image":false,"footnotes":""},"class_list":["post-16440","page","type-page","status-publish","hentry"],"yoast_head":"<!-- This site is optimized with the Yoast SEO plugin v24.5 - https:\/\/yoast.com\/wordpress\/plugins\/seo\/ -->\n<title>Contact vn - Vietnam Career &amp; Training Fair<\/title>\n<meta name=\"robots\" content=\"index, follow, max-snippet:-1, max-image-preview:large, max-video-preview:-1\" \/>\n<link rel=\"canonical\" href=\"https:\/\/careerfair.asia\/vietnam\/contact-vn\/\" \/>\n<meta property=\"og:locale\" content=\"en_US\" \/>\n<meta property=\"og:type\" content=\"article\" \/>\n<meta property=\"og:title\" content=\"Contact vn - Vietnam Career &amp; Training Fair\" \/>\n<meta property=\"og:description\" content=\"Th\u00f4ng tin li\u00ean h\u1ec7 C\u1ea3m \u01a1n b\u1ea1n \u0111\u00e3 quan t\u00e2m \u0111\u1ebfn VCTF! N\u1ebfu b\u1ea1n c\u00f3 b\u1ea5t k\u1ef3 c\u00e2u h\u1ecfi n\u00e0o ho\u1eb7c c\u1ea7n h\u1ed7 tr\u1ee3, vui l\u00f2ng li\u00ean h\u1ec7 v\u1edbi ch\u00fang t\u00f4i qua c\u00e1c ph\u01b0\u01a1ng th\u1ee9c d\u01b0\u1edbi \u0111\u00e2y: D\u00e0nh cho Doanh nghi\u1ec7p, \u0110\u1ed1i t\u00e1c, Nh\u00e0 t\u00e0i tr\u1ee3 \u0110\u0103ng k\u00fd tham gia ch\u01b0\u01a1ng tr\u00ecnh t\u1ea1i \u0111\u00e2y: https:\/\/careerfair.asia\/vietnam\/exhibitors\/ [&hellip;]\" \/>\n<meta property=\"og:url\" content=\"https:\/\/careerfair.asia\/vietnam\/contact-vn\/\" \/>\n<meta property=\"og:site_name\" content=\"Vietnam Career &amp; Training Fair\" \/>\n<meta property=\"article:modified_time\" content=\"2025-02-25T08:17:24+00:00\" \/>\n<meta property=\"og:image\" content=\"https:\/\/careerfair.asia\/vietnam\/wp-content\/uploads\/2025\/02\/banner-contact.jpg\" \/>\n<meta name=\"twitter:card\" content=\"summary_large_image\" \/>\n<meta name=\"twitter:label1\" content=\"Est. reading time\" \/>\n\t<meta name=\"twitter:data1\" content=\"1 minute\" \/>\n<script type=\"application\/ld+json\" class=\"yoast-schema-graph\">{\"@context\":\"https:\/\/schema.org\",\"@graph\":[{\"@type\":\"WebPage\",\"@id\":\"https:\/\/careerfair.asia\/vietnam\/contact-vn\/\",\"url\":\"https:\/\/careerfair.asia\/vietnam\/contact-vn\/\",\"name\":\"Contact vn - Vietnam Career &amp; Training Fair\",\"isPartOf\":{\"@id\":\"https:\/\/careerfair.asia\/vietnam\/#website\"},\"primaryImageOfPage\":{\"@id\":\"https:\/\/careerfair.asia\/vietnam\/contact-vn\/#primaryimage\"},\"image\":{\"@id\":\"https:\/\/careerfair.asia\/vietnam\/contact-vn\/#primaryimage\"},\"thumbnailUrl\":\"https:\/\/careerfair.asia\/vietnam\/wp-content\/uploads\/2025\/02\/banner-contact.jpg\",\"datePublished\":\"2025-02-05T05:05:07+00:00\",\"dateModified\":\"2025-02-25T08:17:24+00:00\",\"breadcrumb\":{\"@id\":\"https:\/\/careerfair.asia\/vietnam\/contact-vn\/#breadcrumb\"},\"inLanguage\":\"en-US\",\"potentialAction\":[{\"@type\":\"ReadAction\",\"target\":[\"https:\/\/careerfair.asia\/vietnam\/contact-vn\/\"]}]},{\"@type\":\"ImageObject\",\"inLanguage\":\"en-US\",\"@id\":\"https:\/\/careerfair.asia\/vietnam\/contact-vn\/#primaryimage\",\"url\":\"https:\/\/careerfair.asia\/vietnam\/wp-content\/uploads\/2025\/02\/banner-contact.jpg\",\"contentUrl\":\"https:\/\/careerfair.asia\/vietnam\/wp-content\/uploads\/2025\/02\/banner-contact.jpg\",\"width\":2000,\"height\":660},{\"@type\":\"BreadcrumbList\",\"@id\":\"https:\/\/careerfair.asia\/vietnam\/contact-vn\/#breadcrumb\",\"itemListElement\":[{\"@type\":\"ListItem\",\"position\":1,\"name\":\"Home\",\"item\":\"https:\/\/careerfair.asia\/vietnam\/\"},{\"@type\":\"ListItem\",\"position\":2,\"name\":\"Contact vn\"}]},{\"@type\":\"WebSite\",\"@id\":\"https:\/\/careerfair.asia\/vietnam\/#website\",\"url\":\"https:\/\/careerfair.asia\/vietnam\/\",\"name\":\"VCTF\",\"description\":\"Apart from meeting recruiters and getting interviews, VCTF has a lot more to offer you.\",\"publisher\":{\"@id\":\"https:\/\/careerfair.asia\/vietnam\/#organization\"},\"alternateName\":\"Vietnam Career & Training Fair\",\"potentialAction\":[{\"@type\":\"SearchAction\",\"target\":{\"@type\":\"EntryPoint\",\"urlTemplate\":\"https:\/\/careerfair.asia\/vietnam\/?s={search_term_string}\"},\"query-input\":{\"@type\":\"PropertyValueSpecification\",\"valueRequired\":true,\"valueName\":\"search_term_string\"}}],\"inLanguage\":\"en-US\"},{\"@type\":\"Organization\",\"@id\":\"https:\/\/careerfair.asia\/vietnam\/#organization\",\"name\":\"VCTF\",\"alternateName\":\"Vietnam Career & Training Fair\",\"url\":\"https:\/\/careerfair.asia\/vietnam\/\",\"logo\":{\"@type\":\"ImageObject\",\"inLanguage\":\"en-US\",\"@id\":\"https:\/\/careerfair.asia\/vietnam\/#\/schema\/logo\/image\/\",\"url\":\"https:\/\/careerfair.asia\/vietnam\/wp-content\/uploads\/2024\/09\/cropped-favicon-vctf.jpg\",\"contentUrl\":\"https:\/\/careerfair.asia\/vietnam\/wp-content\/uploads\/2024\/09\/cropped-favicon-vctf.jpg\",\"width\":512,\"height\":512,\"caption\":\"VCTF\"},\"image\":{\"@id\":\"https:\/\/careerfair.asia\/vietnam\/#\/schema\/logo\/image\/\"}}]}<\/script>\n<!-- \/ Yoast SEO plugin. -->","yoast_head_json":{"title":"Contact vn - Vietnam Career &amp; Training Fair","robots":{"index":"index","follow":"follow","max-snippet":"max-snippet:-1","max-image-preview":"max-image-preview:large","max-video-preview":"max-video-preview:-1"},"canonical":"https:\/\/careerfair.asia\/vietnam\/contact-vn\/","og_locale":"en_US","og_type":"article","og_title":"Contact vn - Vietnam Career &amp; Training Fair","og_description":"Th\u00f4ng tin li\u00ean h\u1ec7 C\u1ea3m \u01a1n b\u1ea1n \u0111\u00e3 quan t\u00e2m \u0111\u1ebfn VCTF! N\u1ebfu b\u1ea1n c\u00f3 b\u1ea5t k\u1ef3 c\u00e2u h\u1ecfi n\u00e0o ho\u1eb7c c\u1ea7n h\u1ed7 tr\u1ee3, vui l\u00f2ng li\u00ean h\u1ec7 v\u1edbi ch\u00fang t\u00f4i qua c\u00e1c ph\u01b0\u01a1ng th\u1ee9c d\u01b0\u1edbi \u0111\u00e2y: D\u00e0nh cho Doanh nghi\u1ec7p, \u0110\u1ed1i t\u00e1c, Nh\u00e0 t\u00e0i tr\u1ee3 \u0110\u0103ng k\u00fd tham gia ch\u01b0\u01a1ng tr\u00ecnh t\u1ea1i \u0111\u00e2y: https:\/\/careerfair.asia\/vietnam\/exhibitors\/ [&hellip;]","og_url":"https:\/\/careerfair.asia\/vietnam\/contact-vn\/","og_site_name":"Vietnam Career &amp; Training Fair","article_modified_time":"2025-02-25T08:17:24+00:00","og_image":[{"url":"https:\/\/careerfair.asia\/vietnam\/wp-content\/uploads\/2025\/02\/banner-contact.jpg","type":"","width":"","height":""}],"twitter_card":"summary_large_image","twitter_misc":{"Est. reading time":"1 minute"},"schema":{"@context":"https:\/\/schema.org","@graph":[{"@type":"WebPage","@id":"https:\/\/careerfair.asia\/vietnam\/contact-vn\/","url":"https:\/\/careerfair.asia\/vietnam\/contact-vn\/","name":"Contact vn - Vietnam Career &amp; Training Fair","isPartOf":{"@id":"https:\/\/careerfair.asia\/vietnam\/#website"},"primaryImageOfPage":{"@id":"https:\/\/careerfair.asia\/vietnam\/contact-vn\/#primaryimage"},"image":{"@id":"https:\/\/careerfair.asia\/vietnam\/contact-vn\/#primaryimage"},"thumbnailUrl":"https:\/\/careerfair.asia\/vietnam\/wp-content\/uploads\/2025\/02\/banner-contact.jpg","datePublished":"2025-02-05T05:05:07+00:00","dateModified":"2025-02-25T08:17:24+00:00","breadcrumb":{"@id":"https:\/\/careerfair.asia\/vietnam\/contact-vn\/#breadcrumb"},"inLanguage":"en-US","potentialAction":[{"@type":"ReadAction","target":["https:\/\/careerfair.asia\/vietnam\/contact-vn\/"]}]},{"@type":"ImageObject","inLanguage":"en-US","@id":"https:\/\/careerfair.asia\/vietnam\/contact-vn\/#primaryimage","url":"https:\/\/careerfair.asia\/vietnam\/wp-content\/uploads\/2025\/02\/banner-contact.jpg","contentUrl":"https:\/\/careerfair.asia\/vietnam\/wp-content\/uploads\/2025\/02\/banner-contact.jpg","width":2000,"height":660},{"@type":"BreadcrumbList","@id":"https:\/\/careerfair.asia\/vietnam\/contact-vn\/#breadcrumb","itemListElement":[{"@type":"ListItem","position":1,"name":"Home","item":"https:\/\/careerfair.asia\/vietnam\/"},{"@type":"ListItem","position":2,"name":"Contact vn"}]},{"@type":"WebSite","@id":"https:\/\/careerfair.asia\/vietnam\/#website","url":"https:\/\/careerfair.asia\/vietnam\/","name":"VCTF","description":"Apart from meeting recruiters and getting interviews, VCTF has a lot more to offer you.","publisher":{"@id":"https:\/\/careerfair.asia\/vietnam\/#organization"},"alternateName":"Vietnam Career & Training Fair","potentialAction":[{"@type":"SearchAction","target":{"@type":"EntryPoint","urlTemplate":"https:\/\/careerfair.asia\/vietnam\/?s={search_term_string}"},"query-input":{"@type":"PropertyValueSpecification","valueRequired":true,"valueName":"search_term_string"}}],"inLanguage":"en-US"},{"@type":"Organization","@id":"https:\/\/careerfair.asia\/vietnam\/#organization","name":"VCTF","alternateName":"Vietnam Career & Training Fair","url":"https:\/\/careerfair.asia\/vietnam\/","logo":{"@type":"ImageObject","inLanguage":"en-US","@id":"https:\/\/careerfair.asia\/vietnam\/#\/schema\/logo\/image\/","url":"https:\/\/careerfair.asia\/vietnam\/wp-content\/uploads\/2024\/09\/cropped-favicon-vctf.jpg","contentUrl":"https:\/\/careerfair.asia\/vietnam\/wp-content\/uploads\/2024\/09\/cropped-favicon-vctf.jpg","width":512,"height":512,"caption":"VCTF"},"image":{"@id":"https:\/\/careerfair.asia\/vietnam\/#\/schema\/logo\/image\/"}}]}},"_links":{"self":[{"href":"https:\/\/careerfair.asia\/vietnam\/wp-json\/wp\/v2\/pages\/16440"}],"collection":[{"href":"https:\/\/careerfair.asia\/vietnam\/wp-json\/wp\/v2\/pages"}],"about":[{"href":"https:\/\/careerfair.asia\/vietnam\/wp-json\/wp\/v2\/types\/page"}],"author":[{"embeddable":true,"href":"https:\/\/careerfair.asia\/vietnam\/wp-json\/wp\/v2\/users\/1"}],"replies":[{"embeddable":true,"href":"https:\/\/careerfair.asia\/vietnam\/wp-json\/wp\/v2\/comments?post=16440"}],"version-history":[{"count":0,"href":"https:\/\/careerfair.asia\/vietnam\/wp-json\/wp\/v2\/pages\/16440\/revisions"}],"wp:attachment":[{"href":"https:\/\/careerfair.asia\/vietnam\/wp-json\/wp\/v2\/media?parent=16440"}],"curies":[{"name":"wp","href":"https:\/\/api.w.org\/{rel}","templated":true}]}}